{"id":1129,"date":"2019-11-17T21:34:18","date_gmt":"2019-11-17T20:34:18","guid":{"rendered":"http:\/\/www.lahiette.com\/leratierbretonnien\/?page_id=1129"},"modified":"2020-09-15T19:52:56","modified_gmt":"2020-09-15T17:52:56","slug":"da-le-siphon-a-esprit-et-fin","status":"publish","type":"page","link":"https:\/\/www.lahiette.com\/leratierbretonnien\/wargames-figurines\/draculas-america\/da-le-siphon-a-esprit-et-fin\/","title":{"rendered":"DA : Le Siphon \u00e0 Esprit et FIN"},"content":{"rendered":"\n<p>La campagne des terrains de chasse se termine sur ce sc\u00e9nario, mettant en sc\u00e8ne un Vortex au centre du plateau, Vortex qu&rsquo;il convient de contr\u00f4ler afin de remporter la Victoire !<\/p>\n\n\n\n<p>Le premier affrontement fait se rencontrer les Changes Peaux et les Vampires. D\u00e9j\u00e0 bien affaiblis par une succession de malchances lors de la phase de campagne pr\u00e9c\u00e9dente, les Change Peaux alignent 5 personnages, alors que les Vampires d\u00e9boulent \u00e0 7. D\u00e8s le second tour, \u00e0 cause d&rsquo;un d\u00e9placement un peu \u00e0 d\u00e9couvert et gr\u00e2ce \u00e0 un tir chanceux, l&rsquo;un des Change Peaux se retrouve directement a sol ! Malgr\u00e9 les efforts du reste de la tribu pour le sauver et progresser, les Vampires exploitent leur positions \u00e9lev\u00e9es et leur 2 tireurs et canardent all\u00e9grement tout ce qui devient visible&#8230; Les fid\u00e8les de Dracula occupent le centre du siphon et, malgr\u00e9 l&rsquo;arriv\u00e9 subite d&rsquo;un Chien des Enfers, arrivent \u00e0 maintenir la position. Au 6i\u00e8me tour, la messe (noire!) est dite, et les Indiens quittent d\u00e9finitivement les Terrains de Chasse, laissant le Siphon \u00e0 Esprit entre les mains des sbires de Dracula.<\/p>\n\n\n\n<figure class=\"wp-block-image size-large is-resized\"><img loading=\"lazy\" decoding=\"async\" src=\"https:\/\/www.lahiette.com\/leratierbretonnien\/wp-content\/uploads\/2019\/11\/IMG_20191101_173141-1024x768.jpg\" alt=\"\" class=\"wp-image-1144\" width=\"512\" height=\"384\"\/><figcaption>Le Siphon a Esprit s\u00e9pare les Indiens des Vampires. <\/figcaption><\/figure>\n\n\n\n<p>La bataille suivante oppose les Conf\u00e9d\u00e9r\u00e9s et la Congr\u00e9gation. Avec des forces en nombre identique, les deux premiers tours voient une progression \u00e9quilibr\u00e9e, tant au niveau des pertes de chaque c\u00f4t\u00e9 que de l&rsquo;approche du Siphon afin de le contr\u00f4ler. Cependant, au troisi\u00e8me tour, la chance bascule brusquement du c\u00f4t\u00e9 de la Congr\u00e9gation, qui aligne de nombreuses r\u00e9ussites au tir, tandis que les Conf\u00e9d\u00e9r\u00e9s \u00e9chouent \u00e0 leur sauvegardes. Avec 3 figurines de moins dans le m\u00eame tour, et malgr\u00e9 la pr\u00e9sence du mercenaire &lsquo;Gravedigger&rsquo;, les Conf\u00e9d\u00e9r\u00e9s et ses zombies ne peuvent renverser la vapeur, et la Congr\u00e9gation assoit sa victoire d\u00e9finitive au 7i\u00e8me tour. Le siphon leur appartient d\u00e9sormais !<\/p>\n\n\n\n<figure class=\"wp-block-image size-large is-resized\"><img loading=\"lazy\" decoding=\"async\" src=\"https:\/\/www.lahiette.com\/leratierbretonnien\/wp-content\/uploads\/2019\/11\/IMG_20191116_162055-1024x768.jpg\" alt=\"\" class=\"wp-image-1151\" width=\"512\" height=\"384\"\/><figcaption>Depuis leur position, les tireurs de la Congr\u00e9gation alignent les zombies Conf\u00e9d\u00e9r\u00e9s<\/figcaption><\/figure>\n\n\n\n<p>Dans la derni\u00e8re bataille pour le contr\u00f4le des Terrains de Chasse, ce sont les Crois\u00e9s qui rencontrent les Sorci\u00e8res de Salem. Les deux premier tours voient une avanc\u00e9e rapide des Crois\u00e9s vers le siphon, \u00e0 la fois dans les terrains de chasse et \u00e0 la fois dans notre dimension. De leur c\u00f4t\u00e9, les Sorci\u00e8res avancent lentement, \u00e0 la fois pour conserver leurs avantages de proximit\u00e9 et pour lancer quelques sort des b\u00e9n\u00e9diction. Avec deux tireurs plac\u00e9s sur les toits de b\u00e2timents, les hommes de main des Sorci\u00e8res tentent quelques tirs, mais sans r\u00e9sultats probants. A la fin du troisi\u00e8me tour, la situation est nettement en faveur de l&rsquo;Ordre, qui dispose de 2 figurines au milieu du Vortex et du reste de l&rsquo;\u00e9quipe dispos\u00e9 autour. La Sorci\u00e8re Adulte se place alors contre le Vortex, afin de profiter de son pouvoir. Juste apr\u00e8s, l&rsquo;un des sbires de l&rsquo;ordre sort des Terrains de chasse, se place en limite ext\u00e9rieure du Siphon et canarde \u00e0 bout portant la Sorci\u00e8re Adulte \u00e0 l&rsquo;aide d&rsquo;un double action : coup de chance, les 2 tirs ne font pas mouche ! Profitant de sa chance, la Sorci\u00e8re lui lance alors une terrible Explosion Magique qui le terrasse ! Au tour suivant, un Behemoth surgit au milieu du Vortex, mais dans les Terrains de Chasse. Tout les personnages proches passent alors dans le monde r\u00e9el, et gr\u00e2ce \u00e0 un tirage de cartes avantageux, le Gardien des Sorci\u00e8res entre dans le Vortex et liquide \u00e0 bout portant un Crois\u00e9. C&rsquo;est le d\u00e9but de la fin pour l&rsquo;Ordre Cr\u00e9pusculaire, qui, malgr\u00e9 l\u2019\u00e9limination de la Vieille Sorci\u00e8re et d&rsquo;un Pistolero, ne parvient pas \u00e0 r\u00e9sister aux tirs et aux Explosions Magiques. C&rsquo;est les h\u00e9riti\u00e8res de Salem qui prennent d\u00e9finitivement possession du Vortex au septi\u00e8me tour !<\/p>\n\n\n\n<figure class=\"wp-block-image size-large is-resized\"><img loading=\"lazy\" decoding=\"async\" src=\"https:\/\/www.lahiette.com\/leratierbretonnien\/wp-content\/uploads\/2019\/11\/IMG_20191116_173533-768x1024.jpg\" alt=\"\" class=\"wp-image-1156\" width=\"384\" height=\"512\"\/><figcaption>Bataille serr\u00e9e en plein coeur du Vortex entre Crois\u00e9s et Sorci\u00e8res<\/figcaption><\/figure>\n\n\n\n<p>La phase de progression permet \u00e0 chacun de se renflouer un peu, d&rsquo;effectuer quelques recrutements et de comptabiliser ses victoires et territoires, avant le d\u00e9compte final. Avec 48 points d&rsquo;Inf\u00e2mie, ce sont les Vampires de Dracula qui semblent d\u00e9sormais r\u00e9gner sur les Terrains de Chasse, suivis de la Congr\u00e9gation avec 44 points. Un peu derri\u00e8re avec 41 points, les Conf\u00e9d\u00e9r\u00e9s sont sur le podium. Viennent ensuite les Sorci\u00e8res (34 points), les Crois\u00e9s puis les Changes-Peaux (15 points !!!).<\/p>\n\n\n\n<p>L&rsquo;alliance du Chaos, compos\u00e9e des Vampires, de la Congr\u00e9gation et des Sorci\u00e8res remportent la bataille des Terrains de Chasse et voient le Chaos inonder le pays afin de pr\u00e9parer la prochaine invasion venue des profondeurs du Bayou &#8230;.<\/p>\n\n\n\n<p>Une campagne tr\u00e8s agr\u00e9able, qui montre que le jeu est bien con\u00e7u pour cela. Si c&rsquo;\u00e9tait \u00e0 refaire, voici quelques conseils : <\/p>\n\n\n\n<ul class=\"wp-block-list\"><li>Utiliser les nouvelles r\u00e8gles de l&rsquo;auteur (<a href=\"https:\/\/www.lahiette.com\/leratierbretonnien\/2019\/02\/21\/nouvelles-regles-da\/\">sprint, combat modifi\u00e9es, tir aveugle, etc<\/a>)<\/li><li>Utiliser les r\u00e8gles des Hors-la-Loi, pour limiter les progressions trop rapides en Inf\u00e2mie (on ne les a pas appliqu\u00e9es, et on aurait d\u00fb je pense).<\/li><li>Consid\u00e9rer que les d\u00e9cors sont pr\u00e9sents dans les deux plans en m\u00eame temps, c&rsquo;est trop difficile \u00e0 g\u00e9rer \u00e0 notre avis sinon.<\/li><li>Utiliser nos r\u00e8gles modifi\u00e9es de progression : gain de 4D6$(8$ minimum)\/5D6$ (14$ minimum) et toujours ajouter +1 au jet de recrutement (et donc +2 pour le vainqueur de la partie).<\/li><li>Sur le sc\u00e9nario &lsquo;La Traque de Custer&rsquo;, appliquer les modifications <a href=\"https:\/\/www.lahiette.com\/leratierbretonnien\/wargames-figurines\/draculas-america\/da-la-traque-de-custer\/\">d\u00e9crites ici<\/a><\/li><li>Les parties \u00e0 3\/4\/5 sont trop longues et\/ou difficiles \u00e0 \u00e9quilibrer, il faut \u00e0 notre avis pr\u00e9f\u00e9rer les duels 1 \u00e9quipe contre 1 \u00e9quipe.<\/li><li>Avoir un nombre pair de bandes, quitte \u00e0 ce qu&rsquo;un joueur joue 2 bandes.<\/li><\/ul>\n\n\n\n<p>Voil\u00e0 ! Prochaine \u00e9tape dans le Bayou probablement !<\/p>\n\n\n\n<figure class=\"wp-block-gallery columns-3 is-cropped wp-block-gallery-1 is-layout-flex wp-block-gallery-is-layout-flex\"><ul class=\"blocks-gallery-grid\"><li class=\"blocks-gallery-item\"><figure><img loading=\"lazy\" decoding=\"async\" width=\"768\" height=\"1024\" src=\"https:\/\/www.lahiette.com\/leratierbretonnien\/wp-content\/uploads\/2019\/11\/IMG_20191116_173533-768x1024.jpg\" alt=\"\" data-id=\"1156\" data-full-url=\"https:\/\/www.lahiette.com\/leratierbretonnien\/wp-content\/uploads\/2019\/11\/IMG_20191116_173533-scaled-e1574025495527.jpg\" data-link=\"https:\/\/www.lahiette.com\/leratierbretonnien\/img_20191116_173533\/\" class=\"wp-image-1156\"\/><\/figure><\/li><li class=\"blocks-gallery-item\"><figure><img loading=\"lazy\" decoding=\"async\" width=\"1024\" height=\"768\" src=\"https:\/\/www.lahiette.com\/leratierbretonnien\/wp-content\/uploads\/2019\/11\/IMG_20191116_173512-1024x768.jpg\" alt=\"\" data-id=\"1154\" data-full-url=\"https:\/\/www.lahiette.com\/leratierbretonnien\/wp-content\/uploads\/2019\/11\/IMG_20191116_173512-scaled-e1574025473647.jpg\" data-link=\"https:\/\/www.lahiette.com\/leratierbretonnien\/img_20191116_173512\/\" class=\"wp-image-1154\"\/><\/figure><\/li><li class=\"blocks-gallery-item\"><figure><img loading=\"lazy\" decoding=\"async\" width=\"1024\" height=\"768\" src=\"https:\/\/www.lahiette.com\/leratierbretonnien\/wp-content\/uploads\/2019\/11\/IMG_20191116_162109-1024x768.jpg\" alt=\"\" data-id=\"1153\" data-full-url=\"https:\/\/www.lahiette.com\/leratierbretonnien\/wp-content\/uploads\/2019\/11\/IMG_20191116_162109-scaled-e1574025461837.jpg\" data-link=\"https:\/\/www.lahiette.com\/leratierbretonnien\/img_20191116_162109\/\" class=\"wp-image-1153\"\/><\/figure><\/li><li class=\"blocks-gallery-item\"><figure><img loading=\"lazy\" decoding=\"async\" width=\"1024\" height=\"768\" src=\"https:\/\/www.lahiette.com\/leratierbretonnien\/wp-content\/uploads\/2019\/11\/IMG_20191116_162055-1024x768.jpg\" alt=\"\" data-id=\"1151\" data-full-url=\"https:\/\/www.lahiette.com\/leratierbretonnien\/wp-content\/uploads\/2019\/11\/IMG_20191116_162055-scaled-e1574025438842.jpg\" data-link=\"https:\/\/www.lahiette.com\/leratierbretonnien\/img_20191116_162055\/\" class=\"wp-image-1151\"\/><\/figure><\/li><li class=\"blocks-gallery-item\"><figure><img loading=\"lazy\" decoding=\"async\" width=\"1024\" height=\"768\" src=\"https:\/\/www.lahiette.com\/leratierbretonnien\/wp-content\/uploads\/2019\/11\/IMG_20191116_162103-1024x768.jpg\" alt=\"\" data-id=\"1152\" data-full-url=\"https:\/\/www.lahiette.com\/leratierbretonnien\/wp-content\/uploads\/2019\/11\/IMG_20191116_162103-scaled-e1574025451764.jpg\" data-link=\"https:\/\/www.lahiette.com\/leratierbretonnien\/img_20191116_162103\/\" class=\"wp-image-1152\"\/><\/figure><\/li><li class=\"blocks-gallery-item\"><figure><img loading=\"lazy\" decoding=\"async\" width=\"1024\" height=\"768\" src=\"https:\/\/www.lahiette.com\/leratierbretonnien\/wp-content\/uploads\/2019\/11\/IMG_20191116_162050-1024x768.jpg\" alt=\"\" data-id=\"1150\" data-full-url=\"https:\/\/www.lahiette.com\/leratierbretonnien\/wp-content\/uploads\/2019\/11\/IMG_20191116_162050-scaled-e1574025427499.jpg\" data-link=\"https:\/\/www.lahiette.com\/leratierbretonnien\/img_20191116_162050\/\" class=\"wp-image-1150\"\/><\/figure><\/li><li class=\"blocks-gallery-item\"><figure><img loading=\"lazy\" decoding=\"async\" width=\"1024\" height=\"768\" src=\"https:\/\/www.lahiette.com\/leratierbretonnien\/wp-content\/uploads\/2019\/11\/IMG_20191116_162043-1024x768.jpg\" alt=\"\" data-id=\"1149\" data-full-url=\"https:\/\/www.lahiette.com\/leratierbretonnien\/wp-content\/uploads\/2019\/11\/IMG_20191116_162043-scaled-e1574025416679.jpg\" data-link=\"https:\/\/www.lahiette.com\/leratierbretonnien\/img_20191116_162043\/\" class=\"wp-image-1149\"\/><\/figure><\/li><li class=\"blocks-gallery-item\"><figure><img loading=\"lazy\" decoding=\"async\" width=\"1024\" height=\"768\" src=\"https:\/\/www.lahiette.com\/leratierbretonnien\/wp-content\/uploads\/2019\/11\/IMG_20191116_162037-1024x768.jpg\" alt=\"\" data-id=\"1148\" data-full-url=\"https:\/\/www.lahiette.com\/leratierbretonnien\/wp-content\/uploads\/2019\/11\/IMG_20191116_162037-scaled-e1574025402765.jpg\" data-link=\"https:\/\/www.lahiette.com\/leratierbretonnien\/img_20191116_162037\/\" class=\"wp-image-1148\"\/><\/figure><\/li><li class=\"blocks-gallery-item\"><figure><img loading=\"lazy\" decoding=\"async\" width=\"768\" height=\"1024\" src=\"https:\/\/www.lahiette.com\/leratierbretonnien\/wp-content\/uploads\/2019\/11\/IMG_20191116_1606561-768x1024.jpg\" alt=\"\" data-id=\"1147\" data-full-url=\"https:\/\/www.lahiette.com\/leratierbretonnien\/wp-content\/uploads\/2019\/11\/IMG_20191116_1606561-scaled-e1574025393359.jpg\" data-link=\"https:\/\/www.lahiette.com\/leratierbretonnien\/img_20191116_1606561\/\" class=\"wp-image-1147\"\/><\/figure><\/li><li class=\"blocks-gallery-item\"><figure><img loading=\"lazy\" decoding=\"async\" width=\"768\" height=\"1024\" src=\"https:\/\/www.lahiette.com\/leratierbretonnien\/wp-content\/uploads\/2019\/11\/IMG_20191116_1604321-768x1024.jpg\" alt=\"\" data-id=\"1146\" data-full-url=\"https:\/\/www.lahiette.com\/leratierbretonnien\/wp-content\/uploads\/2019\/11\/IMG_20191116_1604321-scaled-e1574025381735.jpg\" data-link=\"https:\/\/www.lahiette.com\/leratierbretonnien\/img_20191116_1604321\/\" class=\"wp-image-1146\"\/><\/figure><\/li><li class=\"blocks-gallery-item\"><figure><img loading=\"lazy\" decoding=\"async\" width=\"768\" height=\"1024\" src=\"https:\/\/www.lahiette.com\/leratierbretonnien\/wp-content\/uploads\/2019\/11\/IMG_20191116_1604211-768x1024.jpg\" alt=\"\" data-id=\"1145\" data-full-url=\"https:\/\/www.lahiette.com\/leratierbretonnien\/wp-content\/uploads\/2019\/11\/IMG_20191116_1604211-scaled-e1574025370218.jpg\" data-link=\"https:\/\/www.lahiette.com\/leratierbretonnien\/img_20191116_1604211\/\" class=\"wp-image-1145\"\/><\/figure><\/li><li class=\"blocks-gallery-item\"><figure><img loading=\"lazy\" decoding=\"async\" width=\"1024\" height=\"768\" src=\"https:\/\/www.lahiette.com\/leratierbretonnien\/wp-content\/uploads\/2019\/11\/IMG_20191101_173141-1024x768.jpg\" alt=\"\" data-id=\"1144\" data-full-url=\"https:\/\/www.lahiette.com\/leratierbretonnien\/wp-content\/uploads\/2019\/11\/IMG_20191101_173141-scaled-e1574025353200.jpg\" data-link=\"https:\/\/www.lahiette.com\/leratierbretonnien\/img_20191101_173141\/\" class=\"wp-image-1144\"\/><\/figure><\/li><li class=\"blocks-gallery-item\"><figure><img loading=\"lazy\" decoding=\"async\" width=\"1024\" height=\"768\" src=\"https:\/\/www.lahiette.com\/leratierbretonnien\/wp-content\/uploads\/2019\/11\/IMG_20191101_173132-1024x768.jpg\" alt=\"\" data-id=\"1143\" data-full-url=\"https:\/\/www.lahiette.com\/leratierbretonnien\/wp-content\/uploads\/2019\/11\/IMG_20191101_173132-scaled-e1574025336809.jpg\" data-link=\"https:\/\/www.lahiette.com\/leratierbretonnien\/img_20191101_173132\/\" class=\"wp-image-1143\"\/><\/figure><\/li><li class=\"blocks-gallery-item\"><figure><img loading=\"lazy\" decoding=\"async\" width=\"1024\" height=\"768\" src=\"https:\/\/www.lahiette.com\/leratierbretonnien\/wp-content\/uploads\/2019\/11\/IMG_20191101_173124-1024x768.jpg\" alt=\"\" data-id=\"1142\" data-full-url=\"https:\/\/www.lahiette.com\/leratierbretonnien\/wp-content\/uploads\/2019\/11\/IMG_20191101_173124-scaled-e1574025323942.jpg\" data-link=\"https:\/\/www.lahiette.com\/leratierbretonnien\/img_20191101_173124\/\" class=\"wp-image-1142\"\/><\/figure><\/li><li class=\"blocks-gallery-item\"><figure><img loading=\"lazy\" decoding=\"async\" width=\"1024\" height=\"768\" src=\"https:\/\/www.lahiette.com\/leratierbretonnien\/wp-content\/uploads\/2019\/11\/IMG_20191101_173103-1024x768.jpg\" alt=\"\" data-id=\"1141\" data-full-url=\"https:\/\/www.lahiette.com\/leratierbretonnien\/wp-content\/uploads\/2019\/11\/IMG_20191101_173103-scaled-e1574025310598.jpg\" data-link=\"https:\/\/www.lahiette.com\/leratierbretonnien\/img_20191101_173103\/\" class=\"wp-image-1141\"\/><\/figure><\/li><li class=\"blocks-gallery-item\"><figure><img loading=\"lazy\" decoding=\"async\" width=\"1024\" height=\"768\" src=\"https:\/\/www.lahiette.com\/leratierbretonnien\/wp-content\/uploads\/2019\/11\/IMG_20191101_173049-1024x768.jpg\" alt=\"\" data-id=\"1140\" data-full-url=\"https:\/\/www.lahiette.com\/leratierbretonnien\/wp-content\/uploads\/2019\/11\/IMG_20191101_173049-scaled-e1574025295251.jpg\" data-link=\"https:\/\/www.lahiette.com\/leratierbretonnien\/img_20191101_173049\/\" class=\"wp-image-1140\"\/><\/figure><\/li><\/ul><figcaption class=\"blocks-gallery-caption\">Photos des 3 parties !<\/figcaption><\/figure>\n","protected":false},"excerpt":{"rendered":"<p>La campagne des terrains de chasse se termine sur ce sc\u00e9nario, mettant en sc\u00e8ne un Vortex au centre du plateau, Vortex qu&rsquo;il convient de contr\u00f4ler afin de remporter la Victoire ! Le premier affrontement fait se rencontrer les Changes Peaux &hellip; <a href=\"https:\/\/www.lahiette.com\/leratierbretonnien\/wargames-figurines\/draculas-america\/da-le-siphon-a-esprit-et-fin\/\">Continuer la lecture <span class=\"meta-nav\">&rarr;<\/span><\/a><\/p>\n","protected":false},"author":1,"featured_media":0,"parent":120,"menu_order":0,"comment_status":"open","ping_status":"closed","template":"","meta":{"footnotes":""},"class_list":["post-1129","page","type-page","status-publish","hentry"],"_links":{"self":[{"href":"https:\/\/www.lahiette.com\/leratierbretonnien\/wp-json\/wp\/v2\/pages\/1129","targetHints":{"allow":["GET"]}}],"collection":[{"href":"https:\/\/www.lahiette.com\/leratierbretonnien\/wp-json\/wp\/v2\/pages"}],"about":[{"href":"https:\/\/www.lahiette.com\/leratierbretonnien\/wp-json\/wp\/v2\/types\/page"}],"author":[{"embeddable":true,"href":"https:\/\/www.lahiette.com\/leratierbretonnien\/wp-json\/wp\/v2\/users\/1"}],"replies":[{"embeddable":true,"href":"https:\/\/www.lahiette.com\/leratierbretonnien\/wp-json\/wp\/v2\/comments?post=1129"}],"version-history":[{"count":32,"href":"https:\/\/www.lahiette.com\/leratierbretonnien\/wp-json\/wp\/v2\/pages\/1129\/revisions"}],"predecessor-version":[{"id":1994,"href":"https:\/\/www.lahiette.com\/leratierbretonnien\/wp-json\/wp\/v2\/pages\/1129\/revisions\/1994"}],"up":[{"embeddable":true,"href":"https:\/\/www.lahiette.com\/leratierbretonnien\/wp-json\/wp\/v2\/pages\/120"}],"wp:attachment":[{"href":"https:\/\/www.lahiette.com\/leratierbretonnien\/wp-json\/wp\/v2\/media?parent=1129"}],"curies":[{"name":"wp","href":"https:\/\/api.w.org\/{rel}","templated":true}]}}