{"id":1080,"date":"2019-09-29T21:08:21","date_gmt":"2019-09-29T19:08:21","guid":{"rendered":"http:\/\/www.lahiette.com\/leratierbretonnien\/?page_id=1080"},"modified":"2019-09-29T21:51:57","modified_gmt":"2019-09-29T19:51:57","slug":"frostgrave-le-mausole","status":"publish","type":"page","link":"https:\/\/www.lahiette.com\/leratierbretonnien\/frostgrave\/frostgrave-le-mausole\/","title":{"rendered":"Frostgrave, le Mausol\u00e9"},"content":{"rendered":"\n<p>Mon adversaire joue un Enchanteur, accompagn\u00e9 de son apprenti, de deux chasseurs de tr\u00e9sor, d&rsquo;un fantassin, d&rsquo;un voleur et d&rsquo;un archer. De mon c\u00f4t\u00e9, je prends un Thaumaturge et son apprenti, renforc\u00e9 d&rsquo;un ranger, d&rsquo;un archer, d&rsquo;une barbare et d&rsquo;un fantassin.<\/p>\n\n\n\n<p>On met en place la table, sur la base d&rsquo;un \u00ab\u00a0battlemap\u00a0\u00bb imprim\u00e9 avec un fond neigeux. on place nos d\u00e9cors, en mettant le b\u00e2timent pr\u00e9vu par le sc\u00e9nario au centre. Les tr\u00e9sors sont positionn\u00e9s, ainsi que les squelettes additionnels pr\u00e9vus (provenance : Kings of War). Premier constat : la r\u00e8gle de placement des tr\u00e9sors et des squelettes de ce sc\u00e9nario rend le positionnement tr\u00e8s difficile ! <\/p>\n\n\n\n<p>La partie d\u00e9marre : pendant les deux premiers tours, les mages et les apprentis activent leur soldats \u00e0 proximit\u00e9. Tout le monde se d\u00e9place vers les tr\u00e9sors, avec un b\u00e9mol pour le Thaumaturge qui se retrouve avec plus de squelettes sur le dos, la cause au placement&#8230; Les archers et rangers \u00e9changent quelques fl\u00e8ches, sans grand mal. C\u00f4t\u00e9 Thaumaturge, \u00e7a balance du sort &lsquo;Bouclier&rsquo;, tandis que l&rsquo;Enchanteur optimise les armes de ses sbires et r\u00e9ussit quelques beaux jets de d\u00e9s. Au troisi\u00e8me tour, c&rsquo;est plut\u00f4t maussade c\u00f4t\u00e9 Thaumaturge : il ne reste que 4 points de vie \u00e0 la Barbare, aucun tr\u00e9sor r\u00e9cup\u00e9r\u00e9 et les soldats sont emp\u00eatr\u00e9s avec les squelettes. C\u00f4t\u00e9 Enchanteur, c&rsquo;est beaucoup mieux avec d\u00e9j\u00e0 2 tr\u00e9sors ramass\u00e9s et pas de squelettes en vue. <\/p>\n\n\n\n<p>Pour le Thaumaturge, l&rsquo;arriv\u00e9e des squelettes toujours de son c\u00f4t\u00e9 du b\u00e2timent central vont s\u00e9rieusement l&rsquo;occuper. Heureusement, un sort de \u00ab\u00a0Lumi\u00e8re Aveuglante\u00a0\u00bb r\u00e9ussi permet de bloquer l&rsquo;archer adverse et d&rsquo;\u00e9viter de se faire tirer comme un lapin. Cela vient compenser les s\u00e9v\u00e8res \u00e9checs de lancer de sort, qui co\u00fbtent des points de vie au Thaumaturge et \u00e0 son apprenti ! De son c\u00f4t\u00e9, L&rsquo;Enchanteur r\u00e9ussit \u00e0 sortir r\u00e9guli\u00e8rement ses tr\u00e9sors, malgr\u00e9 les tentatives de tir nourri du Ranger, qui d\u00e9cid\u00e9ment, doit avoir un gros strabisme divergent. Avec la r\u00e8gle du Studio faisant d\u00e9rouler une sorte de compte \u00e0 rebours, la partie se termine au 6i\u00e8me tour, ce qui correspond aussi au moment ou tout les tr\u00e9sors sont sortis de la table in extremis !<\/p>\n\n\n\n<p>Le temps des comptes est venu ! L&rsquo;Enchanteur cumule 4 tr\u00e9sors, donc 3 \u00ab\u00a0sp\u00e9ciaux\u00a0\u00bb (cf. sc\u00e9nario) et est d\u00e9clar\u00e9 vainqueur, tandis que le Thaumaturge ne sort que 2 tr\u00e9sors (et 5 squelettes tu\u00e9s) ! Nous appliquons les tables d&rsquo;exp\u00e9rience du Studio, qui viennent r\u00e9compenser les lanceurs de sorts audacieux, ce qui nous semble plus juste et \u00e9quilibr\u00e9. Le groupe de l&rsquo;enchanteur termine avec plus de 200XP, 350 CO et des potions et parchemins. C&rsquo;est un peu la mis\u00e8re c\u00f4t\u00e9 Thaumaturge avec 110 XP, 80 CO et 2 pauvres parchemins. Cependant, aucun d\u00e9c\u00e8s n&rsquo;est \u00e0 d\u00e9plorer des deux c\u00f4t\u00e9s.<\/p>\n\n\n\n<p>Au final, une partie tr\u00e8s sympathique, m\u00eame si sans grosse confrontation entre les deux \u00e9quipes au final, uniquement du tir ou du sort \u00e0 distance. Les Thaumaturge a eu forte \u00e0 faire avec des squelettes omnipr\u00e9sents, tandis que l&rsquo;Enchanteur avait plut\u00f4t le champ libre !<\/p>\n\n\n\n<p><\/p>\n","protected":false},"excerpt":{"rendered":"<p>Mon adversaire joue un Enchanteur, accompagn\u00e9 de son apprenti, de deux chasseurs de tr\u00e9sor, d&rsquo;un fantassin, d&rsquo;un voleur et d&rsquo;un archer. De mon c\u00f4t\u00e9, je prends un Thaumaturge et son apprenti, renforc\u00e9 d&rsquo;un ranger, d&rsquo;un archer, d&rsquo;une barbare et d&rsquo;un &hellip; <a href=\"https:\/\/www.lahiette.com\/leratierbretonnien\/frostgrave\/frostgrave-le-mausole\/\">Continuer la lecture <span class=\"meta-nav\">&rarr;<\/span><\/a><\/p>\n","protected":false},"author":1,"featured_media":0,"parent":1073,"menu_order":0,"comment_status":"open","ping_status":"closed","template":"","meta":{"footnotes":""},"class_list":["post-1080","page","type-page","status-publish","hentry"],"_links":{"self":[{"href":"https:\/\/www.lahiette.com\/leratierbretonnien\/wp-json\/wp\/v2\/pages\/1080","targetHints":{"allow":["GET"]}}],"collection":[{"href":"https:\/\/www.lahiette.com\/leratierbretonnien\/wp-json\/wp\/v2\/pages"}],"about":[{"href":"https:\/\/www.lahiette.com\/leratierbretonnien\/wp-json\/wp\/v2\/types\/page"}],"author":[{"embeddable":true,"href":"https:\/\/www.lahiette.com\/leratierbretonnien\/wp-json\/wp\/v2\/users\/1"}],"replies":[{"embeddable":true,"href":"https:\/\/www.lahiette.com\/leratierbretonnien\/wp-json\/wp\/v2\/comments?post=1080"}],"version-history":[{"count":7,"href":"https:\/\/www.lahiette.com\/leratierbretonnien\/wp-json\/wp\/v2\/pages\/1080\/revisions"}],"predecessor-version":[{"id":1093,"href":"https:\/\/www.lahiette.com\/leratierbretonnien\/wp-json\/wp\/v2\/pages\/1080\/revisions\/1093"}],"up":[{"embeddable":true,"href":"https:\/\/www.lahiette.com\/leratierbretonnien\/wp-json\/wp\/v2\/pages\/1073"}],"wp:attachment":[{"href":"https:\/\/www.lahiette.com\/leratierbretonnien\/wp-json\/wp\/v2\/media?parent=1080"}],"curies":[{"name":"wp","href":"https:\/\/api.w.org\/{rel}","templated":true}]}}