{"id":1073,"date":"2019-09-29T21:02:06","date_gmt":"2019-09-29T19:02:06","guid":{"rendered":"http:\/\/www.lahiette.com\/leratierbretonnien\/?page_id=1073"},"modified":"2019-09-29T21:56:00","modified_gmt":"2019-09-29T19:56:00","slug":"frostgrave","status":"publish","type":"page","link":"https:\/\/www.lahiette.com\/leratierbretonnien\/frostgrave\/","title":{"rendered":"Frostgrave"},"content":{"rendered":"\n<p>Apr\u00e8s avoir fait du Confrontation, du Kings of War et tent\u00e9 de faire du Vanguard, on se fixe finalement sur Frostgrave, histoire de rentabiliser nos figurines med-fan et changer un peu des ambiances post-apo et Weird West de Eden et Dracula America, respectivement.<\/p>\n\n\n\n<p>Le succ\u00e8s du jeu est ind\u00e9niable, en tout cas dans la sph\u00e8re anglo-saxonne au vu du nombre de suppl\u00e9ments produits. L&rsquo;auteur maintien d&rsquo;ailleurs un blog tr\u00e8s fourni et tr\u00e8s suivi ici : <a href=\"http:\/\/www.studio-tomahawk.com\/en\/\">http:\/\/www.studio-tomahawk.com\/en\/<\/a> <\/p>\n\n\n\n<p>Apr\u00e8s quelques tests rapides de fonctionnement du jeu et de construction des \u00e9quipes, on d\u00e9cide donc de d\u00e9marrer une campagne avec mon fiston. On d\u00e9cide d&rsquo;appliquer les r\u00e8gles modifi\u00e9es de Studio Tomahawk (<a href=\"http:\/\/www.studio-tomahawk.com\/frostgrave\/\">http:\/\/www.studio-tomahawk.com\/frostgrave\/<\/a>). Apr\u00e8s l&rsquo;impression 3D de quelques d\u00e9cors et de r\u00e9cup de divers trucs compatibles med-fan, hop ! Le rapport de cette <a href=\"https:\/\/www.lahiette.com\/leratierbretonnien\/frostgrave\/frostgrave-le-mausole\/\">premi\u00e8re baston se lit ici<\/a>.<\/p>\n\n\n\n<p>Quelques opinions  : <\/p>\n\n\n\n<ul class=\"wp-block-list\"><li>Le jeu est graphiquement et th\u00e9matiquement orient\u00e9 \u00ab\u00a0glaciation\u00a0\u00bb (h\u00e9ritage de Mordheim, c&rsquo;est certain), mais cet aspect n&rsquo;a strictement aucun impact sur le jeu : aucune r\u00e8gles concernant le froid, la neige, la glace, etc. Du coup, \u00e7a milite pour jouer avec des d\u00e9cors med-fan \u00ab\u00a0g\u00e9n\u00e9riques\u00a0\u00bb plut\u00f4t que de tout passer en mode \u00ab\u00a0glaciation\u00a0\u00bb. Cela permet de garder du d\u00e9cor r\u00e9utilisable \u00e0 d&rsquo;autres univers med-fan, et cela ne modifie en rien le jeu.<\/li><li>La panoplie des sorts est vraiment large, et m\u00eame si certains sont d&rsquo;un int\u00e9r\u00eat discutables (comme d&rsquo;habitude), l&rsquo;effet en jeu est plaisant et vari\u00e9.<\/li><li> Les r\u00e8gles sont simples, sans ambigu\u00eft\u00e9s et assez fluides. <\/li><li>Le jeu est fait pour le mode campagne, comme Dracula America et certains principes sont similaires. Par contre, seul le mage \u00e9volue, les seules options pour les sbires sont l&rsquo;ajout d&rsquo;objets ou d&rsquo;armes sp\u00e9ciales. C&rsquo;est un peu dommage je trouve, mais il parait que des suppl\u00e9ments ult\u00e9rieurs viennent modifier \u00e7a (les capitaines je crois).<\/li><li>La port\u00e9 unique des armes de tir (24&Prime;), qui militent pour une table bien remplie, la n\u00f4tre \u00e9tant un peu \u00ab\u00a0vide\u00a0\u00bb probablement (pour l&rsquo;instant !).<\/li><li>La chasse aux tr\u00e9sors syst\u00e9matique peut probablement g\u00e9n\u00e9rer des parties sans aucune confrontation entre les joueurs ! <\/li><\/ul>\n\n\n\n<p><\/p>\n\n\n\n<p><\/p>\n","protected":false},"excerpt":{"rendered":"<p>Apr\u00e8s avoir fait du Confrontation, du Kings of War et tent\u00e9 de faire du Vanguard, on se fixe finalement sur Frostgrave, histoire de rentabiliser nos figurines med-fan et changer un peu des ambiances post-apo et Weird West de Eden et &hellip; <a href=\"https:\/\/www.lahiette.com\/leratierbretonnien\/frostgrave\/\">Continuer la lecture <span class=\"meta-nav\">&rarr;<\/span><\/a><\/p>\n","protected":false},"author":1,"featured_media":0,"parent":0,"menu_order":0,"comment_status":"open","ping_status":"closed","template":"","meta":{"footnotes":""},"class_list":["post-1073","page","type-page","status-publish","hentry"],"_links":{"self":[{"href":"https:\/\/www.lahiette.com\/leratierbretonnien\/wp-json\/wp\/v2\/pages\/1073","targetHints":{"allow":["GET"]}}],"collection":[{"href":"https:\/\/www.lahiette.com\/leratierbretonnien\/wp-json\/wp\/v2\/pages"}],"about":[{"href":"https:\/\/www.lahiette.com\/leratierbretonnien\/wp-json\/wp\/v2\/types\/page"}],"author":[{"embeddable":true,"href":"https:\/\/www.lahiette.com\/leratierbretonnien\/wp-json\/wp\/v2\/users\/1"}],"replies":[{"embeddable":true,"href":"https:\/\/www.lahiette.com\/leratierbretonnien\/wp-json\/wp\/v2\/comments?post=1073"}],"version-history":[{"count":19,"href":"https:\/\/www.lahiette.com\/leratierbretonnien\/wp-json\/wp\/v2\/pages\/1073\/revisions"}],"predecessor-version":[{"id":1102,"href":"https:\/\/www.lahiette.com\/leratierbretonnien\/wp-json\/wp\/v2\/pages\/1073\/revisions\/1102"}],"wp:attachment":[{"href":"https:\/\/www.lahiette.com\/leratierbretonnien\/wp-json\/wp\/v2\/media?parent=1073"}],"curies":[{"name":"wp","href":"https:\/\/api.w.org\/{rel}","templated":true}]}}