{"id":107,"date":"2018-02-27T20:07:48","date_gmt":"2018-02-27T19:07:48","guid":{"rendered":"http:\/\/www.lahiette.com\/leratierbretonnien\/?page_id=107"},"modified":"2021-11-10T10:33:47","modified_gmt":"2021-11-10T09:33:47","slug":"reve-de-dragon","status":"publish","type":"page","link":"https:\/\/www.lahiette.com\/leratierbretonnien\/reve-de-dragon\/","title":{"rendered":"R\u00eave de Dragon"},"content":{"rendered":"\n<div class=\"wp-block-image\"><figure class=\"aligncenter is-resized\"><img loading=\"lazy\" decoding=\"async\" src=\"https:\/\/www.lahiette.com\/leratierbretonnien\/wp-content\/uploads\/2018\/09\/IMG_20180922_120637-e1537716885480.jpg\" alt=\"\" class=\"wp-image-436\" width=\"404\" height=\"303\"\/><figcaption>La nouvelle \u00e9dition 2018 !<\/figcaption><\/figure><\/div>\n\n\n\n<p><\/p>\n\n\n\n<h2 class=\"wp-block-heading\"><strong>Le jeu<\/strong><\/h2>\n\n\n\n<p>Bon, je vais pas revenir dessus, mais depuis 30 ans, je ne me suis jamais d\u00e9tach\u00e9 de R\u00eave de Dragon, m\u00eame si je l&rsquo;ai mis de c\u00f4t\u00e9 pendant quelques mois \u00e0 quelques occasions. Des r\u00e8gles quasi-parfaites, des univers originaux et le seul jeu \u00e0 ma connaissance ou l&rsquo;absence des joueurs entre deux parties et la magie sont g\u00e9r\u00e9s implicitement.<\/p>\n\n\n\n<p>L&rsquo;ann\u00e9e 2016 fut faste, puisqu&rsquo;une nouvelle campagne vient d&rsquo;\u00eatre publi\u00e9e : A la claire fontaine, via une souscription chez Ulule : https:\/\/fr.ulule.com\/revededragon\/<\/p>\n\n\n\n<p>Et voici la nouvelle \u00e9dition ! Re\u00e7ue ce 23 septembre 2018, et &#8230; c&rsquo;est b\u00f4 !<\/p>\n\n\n\n<p>Ma femme a naturellement souscrit le plus rapidement possible et j&rsquo;ai re\u00e7u la splendide version papier pour mon anniversaire :).<\/p>\n\n\n\n<h2 class=\"wp-block-heading\">Sections disponibles !<\/h2>\n\n\n\n<p><strong><a href=\"https:\/\/www.lahiette.com\/leratierbretonnien\/reve-de-dragon\/rdd-aides-de-jeu\/\" data-type=\"page\" data-id=\"2240\">Aides de jeu <\/a><\/strong><\/p>\n\n\n\n<p><strong><a href=\"https:\/\/www.lahiette.com\/leratierbretonnien\/reve-de-dragon\/rdd-scenarios\/\" data-type=\"page\" data-id=\"2247\">Sc\u00e9narios et documents associ\u00e9s<\/a><\/strong><\/p>\n\n\n\n<p><strong><a href=\"https:\/\/www.lahiette.com\/leratierbretonnien\/reve-de-dragon\/rdd-jeu-en-ligne-foundryvtt\/\" data-type=\"page\" data-id=\"2250\">Jouer en ligne avec R\u00eave de Dragon sous FoundryVTT<\/a><\/strong><\/p>\n\n\n\n<p><strong><a href=\"https:\/\/www.lahiette.com\/leratierbretonnien\/reve-de-dragon\/rdd-a-la-claire-fontaine\/\" data-type=\"page\" data-id=\"2259\">Revue de \u00ab\u00a0A la Claire Fontaine\u00a0\u00bb<\/a><\/strong><\/p>\n\n\n\n<p><\/p>\n\n\n\n<p><\/p>\n\n\n\n<p><\/p>\n\n\n\n<p><\/p>\n\n\n\n<p><\/p>\n","protected":false},"excerpt":{"rendered":"<p>Le jeu Bon, je vais pas revenir dessus, mais depuis 30 ans, je ne me suis jamais d\u00e9tach\u00e9 de R\u00eave de Dragon, m\u00eame si je l&rsquo;ai mis de c\u00f4t\u00e9 pendant quelques mois \u00e0 quelques occasions. Des r\u00e8gles quasi-parfaites, des univers &hellip; <a href=\"https:\/\/www.lahiette.com\/leratierbretonnien\/reve-de-dragon\/\">Continuer la lecture <span class=\"meta-nav\">&rarr;<\/span><\/a><\/p>\n","protected":false},"author":1,"featured_media":0,"parent":0,"menu_order":0,"comment_status":"open","ping_status":"closed","template":"","meta":{"footnotes":""},"class_list":["post-107","page","type-page","status-publish","hentry"],"_links":{"self":[{"href":"https:\/\/www.lahiette.com\/leratierbretonnien\/wp-json\/wp\/v2\/pages\/107","targetHints":{"allow":["GET"]}}],"collection":[{"href":"https:\/\/www.lahiette.com\/leratierbretonnien\/wp-json\/wp\/v2\/pages"}],"about":[{"href":"https:\/\/www.lahiette.com\/leratierbretonnien\/wp-json\/wp\/v2\/types\/page"}],"author":[{"embeddable":true,"href":"https:\/\/www.lahiette.com\/leratierbretonnien\/wp-json\/wp\/v2\/users\/1"}],"replies":[{"embeddable":true,"href":"https:\/\/www.lahiette.com\/leratierbretonnien\/wp-json\/wp\/v2\/comments?post=107"}],"version-history":[{"count":31,"href":"https:\/\/www.lahiette.com\/leratierbretonnien\/wp-json\/wp\/v2\/pages\/107\/revisions"}],"predecessor-version":[{"id":2263,"href":"https:\/\/www.lahiette.com\/leratierbretonnien\/wp-json\/wp\/v2\/pages\/107\/revisions\/2263"}],"wp:attachment":[{"href":"https:\/\/www.lahiette.com\/leratierbretonnien\/wp-json\/wp\/v2\/media?parent=107"}],"curies":[{"name":"wp","href":"https:\/\/api.w.org\/{rel}","templated":true}]}}