{"id":1032,"date":"2019-09-15T19:28:52","date_gmt":"2019-09-15T17:28:52","guid":{"rendered":"http:\/\/www.lahiette.com\/leratierbretonnien\/?page_id=1032"},"modified":"2020-09-15T19:58:16","modified_gmt":"2020-09-15T17:58:16","slug":"da-test-du-mode-solo-coop","status":"publish","type":"page","link":"https:\/\/www.lahiette.com\/leratierbretonnien\/wargames-figurines\/draculas-america\/da-test-du-mode-solo-coop\/","title":{"rendered":"DA : Test du mode solo\/coop"},"content":{"rendered":"\n<p>Apr\u00e8s plusieurs semaines de cogitation, j&rsquo;ai fini par <a href=\"https:\/\/www.lahiette.com\/leratierbretonnien\/wp-content\/uploads\/2019\/09\/DA_regles_coop_solo.pdf\">poser par \u00e9crit ma premi\u00e8re version des r\u00e8gles de jeu solo\/coop\u00e9ratif pour Dracula America<\/a>, et je me suis donc lanc\u00e9 dans un premier test grandeur nature.<\/p>\n\n\n\n<p>J&rsquo;ai choisi un peu au hasard d&rsquo;utiliser la bande des Kin, car d\u00e9ja constitu\u00e9e, et de naturellement test\u00e9 mon premier sc\u00e9nario \u00ab\u00a0Le r\u00e9veil de William Anderson\u00a0\u00bb, d\u00e9crit dans le document des r\u00e8gles (cf. lien ci-dessus). Ma bande compte 5 figurines, je place donc William Anderson ainsi que 5 zombies, issus de mon arm\u00e9e de morts-vivants \u00e0 Kings of War, ce qui leur permet de trouver une seconde vie (!:). Je place al\u00e9atoirement les indices, qui se retrouvent assez loin de ma zone de d\u00e9ploiement.<\/p>\n\n\n\n<figure class=\"wp-block-image is-resized\"><img loading=\"lazy\" decoding=\"async\" src=\"https:\/\/www.lahiette.com\/leratierbretonnien\/wp-content\/uploads\/2019\/09\/DSCN4739-0-1024x768.jpg\" alt=\"\" class=\"wp-image-1009\" width=\"512\" height=\"384\" srcset=\"https:\/\/www.lahiette.com\/leratierbretonnien\/wp-content\/uploads\/2019\/09\/DSCN4739-0-1024x768.jpg 1024w, https:\/\/www.lahiette.com\/leratierbretonnien\/wp-content\/uploads\/2019\/09\/DSCN4739-0-300x225.jpg 300w, https:\/\/www.lahiette.com\/leratierbretonnien\/wp-content\/uploads\/2019\/09\/DSCN4739-0-768x576.jpg 768w, https:\/\/www.lahiette.com\/leratierbretonnien\/wp-content\/uploads\/2019\/09\/DSCN4739-0.jpg 1280w\" sizes=\"auto, (max-width: 512px) 100vw, 512px\" \/><figcaption>Vue d&rsquo;ensemble, le cimeti\u00e8re au centre avec l&rsquo;Inf\u00e2me William Anderson.<\/figcaption><\/figure>\n\n\n\n<p>clovEtant donn\u00e9 que je dois r\u00e9cup\u00e9rer au moins le sabre ou le revolver de Samuel Cox (cf le sc\u00e9nario) et que les cousins Kin ne peuvent pas utiliser d&rsquo;armes, j&rsquo;envoie mes deux \u00ab\u00a0vieux\u00a0\u00bb fouiller les indices tandis que les cousins vont attirer l&rsquo;attention des zombis et les charger. Apr\u00e8s quelques d\u00e9placements (r\u00e8gle de sprint utilis\u00e9e), D\u00e9d\u00e9 Clover &#8211; mon boss &#8211; se prend une balle de William et se retrouve secou\u00e9 ! Cependant, d\u00e8s le second tour, mes cousins croquent 2 zombis, qui ne leur rapporte cependant aucun jeton de chair, car ils sont surnaturels. Dommage !<\/p>\n\n\n\n<figure class=\"wp-block-image is-resized\"><img loading=\"lazy\" decoding=\"async\" src=\"https:\/\/www.lahiette.com\/leratierbretonnien\/wp-content\/uploads\/2019\/09\/DSCN4739-12-1024x768.jpg\" alt=\"\" class=\"wp-image-1021\" width=\"512\" height=\"384\" srcset=\"https:\/\/www.lahiette.com\/leratierbretonnien\/wp-content\/uploads\/2019\/09\/DSCN4739-12-1024x768.jpg 1024w, https:\/\/www.lahiette.com\/leratierbretonnien\/wp-content\/uploads\/2019\/09\/DSCN4739-12-300x225.jpg 300w, https:\/\/www.lahiette.com\/leratierbretonnien\/wp-content\/uploads\/2019\/09\/DSCN4739-12-768x576.jpg 768w, https:\/\/www.lahiette.com\/leratierbretonnien\/wp-content\/uploads\/2019\/09\/DSCN4739-12.jpg 1280w\" sizes=\"auto, (max-width: 512px) 100vw, 512px\" \/><figcaption>M\u00e9m\u00e9 Piggy et P\u00e9p\u00e9 Butch en qu\u00eate des indices (ici des jetons $)<\/figcaption><\/figure>\n\n\n\n<p>Au troisi\u00e8me tour, Mem\u00e9 Piggy fouille le premier indice &#8230; et avec un 1 sur son D8 fait surgir un zombi. Gr\u00e2ce (ou \u00e0 cause :)) de la m\u00e9canique al\u00e9atoire, celui-ci s&rsquo;active juste apr\u00e8s et vient charger M\u00e9m\u00e9, qui succombe devant  l&rsquo;aspect redoutable du mort-vivant ! Heureusement au tour suivant, P\u00e9p\u00e9 Butch vide son chargeur sur le zombi m\u00e9cr\u00e9ant et le renvoi dans son enfer. Ouf, P\u00e9p\u00e9 peut continuer \u00e0 fouiller les indices.<\/p>\n\n\n\n<figure class=\"wp-block-image is-resized\"><img loading=\"lazy\" decoding=\"async\" src=\"https:\/\/www.lahiette.com\/leratierbretonnien\/wp-content\/uploads\/2019\/09\/DSCN4739-13-1024x768.jpg\" alt=\"\" class=\"wp-image-1022\" width=\"512\" height=\"384\" srcset=\"https:\/\/www.lahiette.com\/leratierbretonnien\/wp-content\/uploads\/2019\/09\/DSCN4739-13-1024x768.jpg 1024w, https:\/\/www.lahiette.com\/leratierbretonnien\/wp-content\/uploads\/2019\/09\/DSCN4739-13-300x225.jpg 300w, https:\/\/www.lahiette.com\/leratierbretonnien\/wp-content\/uploads\/2019\/09\/DSCN4739-13-768x576.jpg 768w, https:\/\/www.lahiette.com\/leratierbretonnien\/wp-content\/uploads\/2019\/09\/DSCN4739-13.jpg 1280w\" sizes=\"auto, (max-width: 512px) 100vw, 512px\" \/><figcaption>Charges diverses au contact entre les zombis et les Cousins<\/figcaption><\/figure>\n\n\n\n<p>Au tour suivant, les cousins ont du mal \u00e0 se d\u00e9barrasser des 4 zombis au contact, et l&rsquo;un des cousins d\u00e9c\u00e8de, malgr\u00e9 ses jetons de chair. De plus, P\u00e9p\u00e9 Butch, en fouillant un nouvel indice fait \u00e0 nouveau appara\u00eetre un zombi ! Heureusement, le zombi, \u00e0 nouveau activ\u00e9 juste apr\u00e8s, rate compl\u00e8tement ses jets et permet \u00e0 P\u00e9p\u00e9 Butch de s&rsquo;enfuir \u00e0 la d\u00e9couverte du troisi\u00e8me indice.<\/p>\n\n\n\n<p>A partir du 5i\u00e8me tour, il ne reste que mon boss D\u00e9d\u00e9 Clover, cousin Bilou et P\u00e9p\u00e9 Butch. De l&rsquo;autre c\u00f4t\u00e9, seulement Aderson et  2 zombies. Cousin Bilou \u00e9limine l&rsquo;un des zombies, pendant que D\u00e9d\u00e9 Clover se charge de l&rsquo;autre. Bilou essuie un tir d&rsquo;Anderson et termine au sol. Pendant ce temps, P\u00e9p\u00e9 se rapproche du troisi\u00e8me indice.<\/p>\n\n\n\n<p>Le 6i\u00e8me tour permet \u00e0 P\u00e9p\u00e9 de d\u00e9couvrir le revolver de Samuel Cox ! Pendant ce temps, D\u00e9d\u00e9 Clover et Bilou tentent d&rsquo;occuper William Anderson, ce qui vaut \u00e0 Cousin Bilou de tomber \u00e0 nouveau au sol. Au septi\u00e8me tour, P\u00e9p\u00e9 s&rsquo;approche de William \u00e0 port\u00e9e moyenne : avec 3 r\u00e9ussites, voil\u00e0 William Anderson au sol ! D\u00e9d\u00e9 Clover, d&rsquo;une charge rageuse le renvoi outre-tombe. Fin de la partie !<\/p>\n\n\n\n<figure class=\"wp-block-image is-resized\"><img loading=\"lazy\" decoding=\"async\" src=\"https:\/\/www.lahiette.com\/leratierbretonnien\/wp-content\/uploads\/2019\/09\/DSCN4739-18-1024x768.jpg\" alt=\"\" class=\"wp-image-1027\" width=\"512\" height=\"384\" srcset=\"https:\/\/www.lahiette.com\/leratierbretonnien\/wp-content\/uploads\/2019\/09\/DSCN4739-18-1024x768.jpg 1024w, https:\/\/www.lahiette.com\/leratierbretonnien\/wp-content\/uploads\/2019\/09\/DSCN4739-18-300x225.jpg 300w, https:\/\/www.lahiette.com\/leratierbretonnien\/wp-content\/uploads\/2019\/09\/DSCN4739-18-768x576.jpg 768w, https:\/\/www.lahiette.com\/leratierbretonnien\/wp-content\/uploads\/2019\/09\/DSCN4739-18.jpg 1280w\" sizes=\"auto, (max-width: 512px) 100vw, 512px\" \/><figcaption>Les deux cousins restants occupent Anderson pendant que P\u00e9p\u00e9 Butch ajuste son tir<\/figcaption><\/figure>\n\n\n\n<p>Au final, pr\u00e8s quelques clarifications avec moi-m\u00eame, la m\u00e9canique a bien fonctionn\u00e9, et le c\u00f4t\u00e9 ultra-al\u00e9atoire des d\u00e9cisions d&rsquo;activation des ennemis cr\u00e9e vraiment des effets de surprise. En mode solo, cela m&rsquo;a sembl\u00e9 assez \u00e9quilibr\u00e9, j&rsquo;aurais vraiment pu perdre sur un jet de d\u00e9 au dernier tour. Par contre, je ne sais pas encore ce que donnent ces r\u00e8gles avec plusieurs joueurs (et donc plusieurs \u00e9quipes), ni ce qu&rsquo;il se passe si les \u00e9quipes des joueurs sont plut\u00f4t orient\u00e9es tir. A vous de tester  et de me remonter vos commentaires !<\/p>\n\n\n\n<figure class=\"wp-block-gallery columns-3 is-cropped wp-block-gallery-1 is-layout-flex wp-block-gallery-is-layout-flex\"><ul class=\"blocks-gallery-grid\"><li class=\"blocks-gallery-item\"><figure><img loading=\"lazy\" decoding=\"async\" width=\"1024\" height=\"768\" src=\"https:\/\/www.lahiette.com\/leratierbretonnien\/wp-content\/uploads\/2019\/09\/DSCN4739-0-1024x768.jpg\" alt=\"\" data-id=\"1009\" data-link=\"https:\/\/www.lahiette.com\/leratierbretonnien\/dscn4739-0\/\" class=\"wp-image-1009\" srcset=\"https:\/\/www.lahiette.com\/leratierbretonnien\/wp-content\/uploads\/2019\/09\/DSCN4739-0-1024x768.jpg 1024w, https:\/\/www.lahiette.com\/leratierbretonnien\/wp-content\/uploads\/2019\/09\/DSCN4739-0-300x225.jpg 300w, https:\/\/www.lahiette.com\/leratierbretonnien\/wp-content\/uploads\/2019\/09\/DSCN4739-0-768x576.jpg 768w, https:\/\/www.lahiette.com\/leratierbretonnien\/wp-content\/uploads\/2019\/09\/DSCN4739-0.jpg 1280w\" sizes=\"auto, (max-width: 1024px) 100vw, 1024px\" \/><\/figure><\/li><li class=\"blocks-gallery-item\"><figure><img loading=\"lazy\" decoding=\"async\" width=\"1024\" height=\"768\" src=\"https:\/\/www.lahiette.com\/leratierbretonnien\/wp-content\/uploads\/2019\/09\/DSCN4739-9-1024x768.jpg\" alt=\"\" data-id=\"1018\" data-link=\"https:\/\/www.lahiette.com\/leratierbretonnien\/dscn4739-9\/\" class=\"wp-image-1018\" srcset=\"https:\/\/www.lahiette.com\/leratierbretonnien\/wp-content\/uploads\/2019\/09\/DSCN4739-9-1024x768.jpg 1024w, https:\/\/www.lahiette.com\/leratierbretonnien\/wp-content\/uploads\/2019\/09\/DSCN4739-9-300x225.jpg 300w, https:\/\/www.lahiette.com\/leratierbretonnien\/wp-content\/uploads\/2019\/09\/DSCN4739-9-768x576.jpg 768w, https:\/\/www.lahiette.com\/leratierbretonnien\/wp-content\/uploads\/2019\/09\/DSCN4739-9.jpg 1280w\" sizes=\"auto, (max-width: 1024px) 100vw, 1024px\" \/><\/figure><\/li><li class=\"blocks-gallery-item\"><figure><img loading=\"lazy\" decoding=\"async\" width=\"1024\" height=\"768\" src=\"https:\/\/www.lahiette.com\/leratierbretonnien\/wp-content\/uploads\/2019\/09\/DSCN4739-18-1024x768.jpg\" alt=\"\" data-id=\"1027\" data-link=\"https:\/\/www.lahiette.com\/leratierbretonnien\/dscn4739-18\/\" class=\"wp-image-1027\" srcset=\"https:\/\/www.lahiette.com\/leratierbretonnien\/wp-content\/uploads\/2019\/09\/DSCN4739-18-1024x768.jpg 1024w, https:\/\/www.lahiette.com\/leratierbretonnien\/wp-content\/uploads\/2019\/09\/DSCN4739-18-300x225.jpg 300w, https:\/\/www.lahiette.com\/leratierbretonnien\/wp-content\/uploads\/2019\/09\/DSCN4739-18-768x576.jpg 768w, https:\/\/www.lahiette.com\/leratierbretonnien\/wp-content\/uploads\/2019\/09\/DSCN4739-18.jpg 1280w\" sizes=\"auto, (max-width: 1024px) 100vw, 1024px\" \/><\/figure><\/li><li class=\"blocks-gallery-item\"><figure><img loading=\"lazy\" decoding=\"async\" width=\"1024\" height=\"768\" src=\"https:\/\/www.lahiette.com\/leratierbretonnien\/wp-content\/uploads\/2019\/09\/DSCN4739-17-1024x768.jpg\" alt=\"\" data-id=\"1026\" data-link=\"https:\/\/www.lahiette.com\/leratierbretonnien\/dscn4739-17\/\" class=\"wp-image-1026\" srcset=\"https:\/\/www.lahiette.com\/leratierbretonnien\/wp-content\/uploads\/2019\/09\/DSCN4739-17-1024x768.jpg 1024w, https:\/\/www.lahiette.com\/leratierbretonnien\/wp-content\/uploads\/2019\/09\/DSCN4739-17-300x225.jpg 300w, https:\/\/www.lahiette.com\/leratierbretonnien\/wp-content\/uploads\/2019\/09\/DSCN4739-17-768x576.jpg 768w, https:\/\/www.lahiette.com\/leratierbretonnien\/wp-content\/uploads\/2019\/09\/DSCN4739-17.jpg 1280w\" sizes=\"auto, (max-width: 1024px) 100vw, 1024px\" \/><\/figure><\/li><li class=\"blocks-gallery-item\"><figure><img loading=\"lazy\" decoding=\"async\" width=\"1024\" height=\"768\" src=\"https:\/\/www.lahiette.com\/leratierbretonnien\/wp-content\/uploads\/2019\/09\/DSCN4739-8-1024x768.jpg\" alt=\"\" data-id=\"1017\" data-link=\"https:\/\/www.lahiette.com\/leratierbretonnien\/dscn4739-8\/\" class=\"wp-image-1017\" srcset=\"https:\/\/www.lahiette.com\/leratierbretonnien\/wp-content\/uploads\/2019\/09\/DSCN4739-8-1024x768.jpg 1024w, https:\/\/www.lahiette.com\/leratierbretonnien\/wp-content\/uploads\/2019\/09\/DSCN4739-8-300x225.jpg 300w, https:\/\/www.lahiette.com\/leratierbretonnien\/wp-content\/uploads\/2019\/09\/DSCN4739-8-768x576.jpg 768w, https:\/\/www.lahiette.com\/leratierbretonnien\/wp-content\/uploads\/2019\/09\/DSCN4739-8.jpg 1280w\" sizes=\"auto, (max-width: 1024px) 100vw, 1024px\" \/><\/figure><\/li><li class=\"blocks-gallery-item\"><figure><img loading=\"lazy\" decoding=\"async\" width=\"1024\" height=\"768\" src=\"https:\/\/www.lahiette.com\/leratierbretonnien\/wp-content\/uploads\/2019\/09\/DSCN4739-7-1024x768.jpg\" alt=\"\" data-id=\"1016\" data-link=\"https:\/\/www.lahiette.com\/leratierbretonnien\/dscn4739-7\/\" class=\"wp-image-1016\" srcset=\"https:\/\/www.lahiette.com\/leratierbretonnien\/wp-content\/uploads\/2019\/09\/DSCN4739-7-1024x768.jpg 1024w, https:\/\/www.lahiette.com\/leratierbretonnien\/wp-content\/uploads\/2019\/09\/DSCN4739-7-300x225.jpg 300w, https:\/\/www.lahiette.com\/leratierbretonnien\/wp-content\/uploads\/2019\/09\/DSCN4739-7-768x576.jpg 768w, https:\/\/www.lahiette.com\/leratierbretonnien\/wp-content\/uploads\/2019\/09\/DSCN4739-7.jpg 1280w\" sizes=\"auto, (max-width: 1024px) 100vw, 1024px\" \/><\/figure><\/li><li class=\"blocks-gallery-item\"><figure><img loading=\"lazy\" decoding=\"async\" width=\"1024\" height=\"768\" src=\"https:\/\/www.lahiette.com\/leratierbretonnien\/wp-content\/uploads\/2019\/09\/DSCN4739-16-1024x768.jpg\" alt=\"\" data-id=\"1025\" data-link=\"https:\/\/www.lahiette.com\/leratierbretonnien\/dscn4739-16\/\" class=\"wp-image-1025\" srcset=\"https:\/\/www.lahiette.com\/leratierbretonnien\/wp-content\/uploads\/2019\/09\/DSCN4739-16-1024x768.jpg 1024w, https:\/\/www.lahiette.com\/leratierbretonnien\/wp-content\/uploads\/2019\/09\/DSCN4739-16-300x225.jpg 300w, https:\/\/www.lahiette.com\/leratierbretonnien\/wp-content\/uploads\/2019\/09\/DSCN4739-16-768x576.jpg 768w, https:\/\/www.lahiette.com\/leratierbretonnien\/wp-content\/uploads\/2019\/09\/DSCN4739-16.jpg 1280w\" sizes=\"auto, (max-width: 1024px) 100vw, 1024px\" \/><\/figure><\/li><li class=\"blocks-gallery-item\"><figure><img loading=\"lazy\" decoding=\"async\" width=\"1024\" height=\"768\" src=\"https:\/\/www.lahiette.com\/leratierbretonnien\/wp-content\/uploads\/2019\/09\/DSCN4739-15-1024x768.jpg\" alt=\"\" data-id=\"1024\" data-link=\"https:\/\/www.lahiette.com\/leratierbretonnien\/dscn4739-15\/\" class=\"wp-image-1024\" srcset=\"https:\/\/www.lahiette.com\/leratierbretonnien\/wp-content\/uploads\/2019\/09\/DSCN4739-15-1024x768.jpg 1024w, https:\/\/www.lahiette.com\/leratierbretonnien\/wp-content\/uploads\/2019\/09\/DSCN4739-15-300x225.jpg 300w, https:\/\/www.lahiette.com\/leratierbretonnien\/wp-content\/uploads\/2019\/09\/DSCN4739-15-768x576.jpg 768w, https:\/\/www.lahiette.com\/leratierbretonnien\/wp-content\/uploads\/2019\/09\/DSCN4739-15.jpg 1280w\" sizes=\"auto, (max-width: 1024px) 100vw, 1024px\" \/><\/figure><\/li><li class=\"blocks-gallery-item\"><figure><img loading=\"lazy\" decoding=\"async\" width=\"1024\" height=\"768\" src=\"https:\/\/www.lahiette.com\/leratierbretonnien\/wp-content\/uploads\/2019\/09\/DSCN4739-6-1024x768.jpg\" alt=\"\" data-id=\"1015\" data-link=\"https:\/\/www.lahiette.com\/leratierbretonnien\/dscn4739-6\/\" class=\"wp-image-1015\" srcset=\"https:\/\/www.lahiette.com\/leratierbretonnien\/wp-content\/uploads\/2019\/09\/DSCN4739-6-1024x768.jpg 1024w, https:\/\/www.lahiette.com\/leratierbretonnien\/wp-content\/uploads\/2019\/09\/DSCN4739-6-300x225.jpg 300w, https:\/\/www.lahiette.com\/leratierbretonnien\/wp-content\/uploads\/2019\/09\/DSCN4739-6-768x576.jpg 768w, https:\/\/www.lahiette.com\/leratierbretonnien\/wp-content\/uploads\/2019\/09\/DSCN4739-6.jpg 1280w\" sizes=\"auto, (max-width: 1024px) 100vw, 1024px\" \/><\/figure><\/li><li class=\"blocks-gallery-item\"><figure><img loading=\"lazy\" decoding=\"async\" width=\"1024\" height=\"768\" src=\"https:\/\/www.lahiette.com\/leratierbretonnien\/wp-content\/uploads\/2019\/09\/DSCN4739-5-1024x768.jpg\" alt=\"\" data-id=\"1014\" data-link=\"https:\/\/www.lahiette.com\/leratierbretonnien\/dscn4739-5\/\" class=\"wp-image-1014\" srcset=\"https:\/\/www.lahiette.com\/leratierbretonnien\/wp-content\/uploads\/2019\/09\/DSCN4739-5-1024x768.jpg 1024w, https:\/\/www.lahiette.com\/leratierbretonnien\/wp-content\/uploads\/2019\/09\/DSCN4739-5-300x225.jpg 300w, https:\/\/www.lahiette.com\/leratierbretonnien\/wp-content\/uploads\/2019\/09\/DSCN4739-5-768x576.jpg 768w, https:\/\/www.lahiette.com\/leratierbretonnien\/wp-content\/uploads\/2019\/09\/DSCN4739-5.jpg 1280w\" sizes=\"auto, (max-width: 1024px) 100vw, 1024px\" \/><\/figure><\/li><li class=\"blocks-gallery-item\"><figure><img loading=\"lazy\" decoding=\"async\" width=\"1024\" height=\"768\" src=\"https:\/\/www.lahiette.com\/leratierbretonnien\/wp-content\/uploads\/2019\/09\/DSCN4739-14-1024x768.jpg\" alt=\"\" data-id=\"1023\" data-link=\"https:\/\/www.lahiette.com\/leratierbretonnien\/dscn4739-14\/\" class=\"wp-image-1023\" srcset=\"https:\/\/www.lahiette.com\/leratierbretonnien\/wp-content\/uploads\/2019\/09\/DSCN4739-14-1024x768.jpg 1024w, https:\/\/www.lahiette.com\/leratierbretonnien\/wp-content\/uploads\/2019\/09\/DSCN4739-14-300x225.jpg 300w, https:\/\/www.lahiette.com\/leratierbretonnien\/wp-content\/uploads\/2019\/09\/DSCN4739-14-768x576.jpg 768w, https:\/\/www.lahiette.com\/leratierbretonnien\/wp-content\/uploads\/2019\/09\/DSCN4739-14.jpg 1280w\" sizes=\"auto, (max-width: 1024px) 100vw, 1024px\" \/><\/figure><\/li><li class=\"blocks-gallery-item\"><figure><img loading=\"lazy\" decoding=\"async\" width=\"1024\" height=\"768\" src=\"https:\/\/www.lahiette.com\/leratierbretonnien\/wp-content\/uploads\/2019\/09\/DSCN4739-13-1024x768.jpg\" alt=\"\" data-id=\"1022\" data-link=\"https:\/\/www.lahiette.com\/leratierbretonnien\/dscn4739-13\/\" class=\"wp-image-1022\" srcset=\"https:\/\/www.lahiette.com\/leratierbretonnien\/wp-content\/uploads\/2019\/09\/DSCN4739-13-1024x768.jpg 1024w, https:\/\/www.lahiette.com\/leratierbretonnien\/wp-content\/uploads\/2019\/09\/DSCN4739-13-300x225.jpg 300w, https:\/\/www.lahiette.com\/leratierbretonnien\/wp-content\/uploads\/2019\/09\/DSCN4739-13-768x576.jpg 768w, https:\/\/www.lahiette.com\/leratierbretonnien\/wp-content\/uploads\/2019\/09\/DSCN4739-13.jpg 1280w\" sizes=\"auto, (max-width: 1024px) 100vw, 1024px\" \/><\/figure><\/li><li class=\"blocks-gallery-item\"><figure><img loading=\"lazy\" decoding=\"async\" width=\"1024\" height=\"768\" src=\"https:\/\/www.lahiette.com\/leratierbretonnien\/wp-content\/uploads\/2019\/09\/DSCN4739-4-1024x768.jpg\" alt=\"\" data-id=\"1013\" data-link=\"https:\/\/www.lahiette.com\/leratierbretonnien\/dscn4739-4\/\" class=\"wp-image-1013\" srcset=\"https:\/\/www.lahiette.com\/leratierbretonnien\/wp-content\/uploads\/2019\/09\/DSCN4739-4-1024x768.jpg 1024w, https:\/\/www.lahiette.com\/leratierbretonnien\/wp-content\/uploads\/2019\/09\/DSCN4739-4-300x225.jpg 300w, https:\/\/www.lahiette.com\/leratierbretonnien\/wp-content\/uploads\/2019\/09\/DSCN4739-4-768x576.jpg 768w, https:\/\/www.lahiette.com\/leratierbretonnien\/wp-content\/uploads\/2019\/09\/DSCN4739-4.jpg 1280w\" sizes=\"auto, (max-width: 1024px) 100vw, 1024px\" \/><\/figure><\/li><li class=\"blocks-gallery-item\"><figure><img loading=\"lazy\" decoding=\"async\" width=\"1024\" height=\"768\" src=\"https:\/\/www.lahiette.com\/leratierbretonnien\/wp-content\/uploads\/2019\/09\/DSCN4739-3-1024x768.jpg\" alt=\"\" data-id=\"1012\" data-link=\"https:\/\/www.lahiette.com\/leratierbretonnien\/dscn4739-3\/\" class=\"wp-image-1012\" srcset=\"https:\/\/www.lahiette.com\/leratierbretonnien\/wp-content\/uploads\/2019\/09\/DSCN4739-3-1024x768.jpg 1024w, https:\/\/www.lahiette.com\/leratierbretonnien\/wp-content\/uploads\/2019\/09\/DSCN4739-3-300x225.jpg 300w, https:\/\/www.lahiette.com\/leratierbretonnien\/wp-content\/uploads\/2019\/09\/DSCN4739-3-768x576.jpg 768w, https:\/\/www.lahiette.com\/leratierbretonnien\/wp-content\/uploads\/2019\/09\/DSCN4739-3.jpg 1280w\" sizes=\"auto, (max-width: 1024px) 100vw, 1024px\" \/><\/figure><\/li><li class=\"blocks-gallery-item\"><figure><img loading=\"lazy\" decoding=\"async\" width=\"1024\" height=\"768\" src=\"https:\/\/www.lahiette.com\/leratierbretonnien\/wp-content\/uploads\/2019\/09\/DSCN4739-12-1024x768.jpg\" alt=\"\" data-id=\"1021\" data-link=\"https:\/\/www.lahiette.com\/leratierbretonnien\/dscn4739-12\/\" class=\"wp-image-1021\" srcset=\"https:\/\/www.lahiette.com\/leratierbretonnien\/wp-content\/uploads\/2019\/09\/DSCN4739-12-1024x768.jpg 1024w, https:\/\/www.lahiette.com\/leratierbretonnien\/wp-content\/uploads\/2019\/09\/DSCN4739-12-300x225.jpg 300w, https:\/\/www.lahiette.com\/leratierbretonnien\/wp-content\/uploads\/2019\/09\/DSCN4739-12-768x576.jpg 768w, https:\/\/www.lahiette.com\/leratierbretonnien\/wp-content\/uploads\/2019\/09\/DSCN4739-12.jpg 1280w\" sizes=\"auto, (max-width: 1024px) 100vw, 1024px\" \/><\/figure><\/li><li class=\"blocks-gallery-item\"><figure><img loading=\"lazy\" decoding=\"async\" width=\"1024\" height=\"768\" src=\"https:\/\/www.lahiette.com\/leratierbretonnien\/wp-content\/uploads\/2019\/09\/DSCN4739-11-1024x768.jpg\" alt=\"\" data-id=\"1020\" data-link=\"https:\/\/www.lahiette.com\/leratierbretonnien\/dscn4739-11\/\" class=\"wp-image-1020\" srcset=\"https:\/\/www.lahiette.com\/leratierbretonnien\/wp-content\/uploads\/2019\/09\/DSCN4739-11-1024x768.jpg 1024w, https:\/\/www.lahiette.com\/leratierbretonnien\/wp-content\/uploads\/2019\/09\/DSCN4739-11-300x225.jpg 300w, https:\/\/www.lahiette.com\/leratierbretonnien\/wp-content\/uploads\/2019\/09\/DSCN4739-11-768x576.jpg 768w, https:\/\/www.lahiette.com\/leratierbretonnien\/wp-content\/uploads\/2019\/09\/DSCN4739-11.jpg 1280w\" sizes=\"auto, (max-width: 1024px) 100vw, 1024px\" \/><\/figure><\/li><li class=\"blocks-gallery-item\"><figure><img loading=\"lazy\" decoding=\"async\" width=\"1024\" height=\"768\" src=\"https:\/\/www.lahiette.com\/leratierbretonnien\/wp-content\/uploads\/2019\/09\/DSCN4739-2-1024x768.jpg\" alt=\"\" data-id=\"1011\" data-link=\"https:\/\/www.lahiette.com\/leratierbretonnien\/dscn4739-2\/\" class=\"wp-image-1011\" srcset=\"https:\/\/www.lahiette.com\/leratierbretonnien\/wp-content\/uploads\/2019\/09\/DSCN4739-2-1024x768.jpg 1024w, https:\/\/www.lahiette.com\/leratierbretonnien\/wp-content\/uploads\/2019\/09\/DSCN4739-2-300x225.jpg 300w, https:\/\/www.lahiette.com\/leratierbretonnien\/wp-content\/uploads\/2019\/09\/DSCN4739-2-768x576.jpg 768w, https:\/\/www.lahiette.com\/leratierbretonnien\/wp-content\/uploads\/2019\/09\/DSCN4739-2.jpg 1280w\" sizes=\"auto, (max-width: 1024px) 100vw, 1024px\" \/><\/figure><\/li><li class=\"blocks-gallery-item\"><figure><img loading=\"lazy\" decoding=\"async\" width=\"1024\" height=\"768\" src=\"https:\/\/www.lahiette.com\/leratierbretonnien\/wp-content\/uploads\/2019\/09\/DSCN4739-1-1024x768.jpg\" alt=\"\" data-id=\"1010\" data-link=\"https:\/\/www.lahiette.com\/leratierbretonnien\/dscn4739-1\/\" class=\"wp-image-1010\" srcset=\"https:\/\/www.lahiette.com\/leratierbretonnien\/wp-content\/uploads\/2019\/09\/DSCN4739-1-1024x768.jpg 1024w, https:\/\/www.lahiette.com\/leratierbretonnien\/wp-content\/uploads\/2019\/09\/DSCN4739-1-300x225.jpg 300w, https:\/\/www.lahiette.com\/leratierbretonnien\/wp-content\/uploads\/2019\/09\/DSCN4739-1-768x576.jpg 768w, https:\/\/www.lahiette.com\/leratierbretonnien\/wp-content\/uploads\/2019\/09\/DSCN4739-1.jpg 1280w\" sizes=\"auto, (max-width: 1024px) 100vw, 1024px\" \/><\/figure><\/li><li class=\"blocks-gallery-item\"><figure><img loading=\"lazy\" decoding=\"async\" width=\"1024\" height=\"768\" src=\"https:\/\/www.lahiette.com\/leratierbretonnien\/wp-content\/uploads\/2019\/09\/DSCN4739-10-1024x768.jpg\" alt=\"\" data-id=\"1019\" data-link=\"https:\/\/www.lahiette.com\/leratierbretonnien\/dscn4739-10\/\" class=\"wp-image-1019\" srcset=\"https:\/\/www.lahiette.com\/leratierbretonnien\/wp-content\/uploads\/2019\/09\/DSCN4739-10-1024x768.jpg 1024w, https:\/\/www.lahiette.com\/leratierbretonnien\/wp-content\/uploads\/2019\/09\/DSCN4739-10-300x225.jpg 300w, https:\/\/www.lahiette.com\/leratierbretonnien\/wp-content\/uploads\/2019\/09\/DSCN4739-10-768x576.jpg 768w, https:\/\/www.lahiette.com\/leratierbretonnien\/wp-content\/uploads\/2019\/09\/DSCN4739-10.jpg 1280w\" sizes=\"auto, (max-width: 1024px) 100vw, 1024px\" \/><\/figure><\/li><\/ul><\/figure>\n","protected":false},"excerpt":{"rendered":"<p>Apr\u00e8s plusieurs semaines de cogitation, j&rsquo;ai fini par poser par \u00e9crit ma premi\u00e8re version des r\u00e8gles de jeu solo\/coop\u00e9ratif pour Dracula America, et je me suis donc lanc\u00e9 dans un premier test grandeur nature. J&rsquo;ai choisi un peu au hasard &hellip; <a href=\"https:\/\/www.lahiette.com\/leratierbretonnien\/wargames-figurines\/draculas-america\/da-test-du-mode-solo-coop\/\">Continuer la lecture <span class=\"meta-nav\">&rarr;<\/span><\/a><\/p>\n","protected":false},"author":1,"featured_media":0,"parent":120,"menu_order":0,"comment_status":"open","ping_status":"closed","template":"","meta":{"footnotes":""},"class_list":["post-1032","page","type-page","status-publish","hentry"],"_links":{"self":[{"href":"https:\/\/www.lahiette.com\/leratierbretonnien\/wp-json\/wp\/v2\/pages\/1032","targetHints":{"allow":["GET"]}}],"collection":[{"href":"https:\/\/www.lahiette.com\/leratierbretonnien\/wp-json\/wp\/v2\/pages"}],"about":[{"href":"https:\/\/www.lahiette.com\/leratierbretonnien\/wp-json\/wp\/v2\/types\/page"}],"author":[{"embeddable":true,"href":"https:\/\/www.lahiette.com\/leratierbretonnien\/wp-json\/wp\/v2\/users\/1"}],"replies":[{"embeddable":true,"href":"https:\/\/www.lahiette.com\/leratierbretonnien\/wp-json\/wp\/v2\/comments?post=1032"}],"version-history":[{"count":29,"href":"https:\/\/www.lahiette.com\/leratierbretonnien\/wp-json\/wp\/v2\/pages\/1032\/revisions"}],"predecessor-version":[{"id":1999,"href":"https:\/\/www.lahiette.com\/leratierbretonnien\/wp-json\/wp\/v2\/pages\/1032\/revisions\/1999"}],"up":[{"embeddable":true,"href":"https:\/\/www.lahiette.com\/leratierbretonnien\/wp-json\/wp\/v2\/pages\/120"}],"wp:attachment":[{"href":"https:\/\/www.lahiette.com\/leratierbretonnien\/wp-json\/wp\/v2\/media?parent=1032"}],"curies":[{"name":"wp","href":"https:\/\/api.w.org\/{rel}","templated":true}]}}